{"id":4039,"date":"2020-10-02T10:04:47","date_gmt":"2020-10-02T10:04:47","guid":{"rendered":"https:\/\/www.placonsultoria.com\/headhunting\/"},"modified":"2020-10-02T12:08:15","modified_gmt":"2020-10-02T12:08:15","slug":"headhunting","status":"publish","type":"page","link":"https:\/\/www.placonsultoria.com\/ca\/headhunting\/","title":{"rendered":"Headhunting"},"content":{"rendered":"<p>[et_pb_section fb_built=&#8221;1&#8243; admin_label=&#8221;Cap\u00e7alera&#8221; _builder_version=&#8221;4.6.5&#8243; _module_preset=&#8221;default&#8221; use_background_color_gradient=&#8221;on&#8221; background_color_gradient_start=&#8221;rgba(0,0,0,0)&#8221; background_color_gradient_end=&#8221;rgba(0,0,0,0.5)&#8221; background_color_gradient_end_position=&#8221;77%&#8221; background_color_gradient_overlays_image=&#8221;on&#8221; background_image=&#8221;https:\/\/www.placonsultoria.com\/wp-content\/uploads\/2020\/09\/headhunting-1-scaled.jpg&#8221; custom_margin=&#8221;0px||0px||false|false&#8221; custom_padding=&#8221;0px||0px||false|false&#8221; hover_enabled=&#8221;0&#8243; background_last_edited=&#8221;on|phone&#8221; background_image_phone=&#8221;https:\/\/www.placonsultoria.com\/wp-content\/uploads\/2020\/10\/headhunting-mobil-e1601570428231.jpg&#8221; background_enable_image_phone=&#8221;on&#8221; background_position_phone=&#8221;bottom_center&#8221; collapsed=&#8221;on&#8221; title_text_phone=&#8221;headhunting-mobil&#8221; sticky_enabled=&#8221;0&#8243;][et_pb_row custom_padding_last_edited=&#8221;on|phone&#8221; _builder_version=&#8221;4.6.5&#8243; _module_preset=&#8221;default&#8221; custom_margin=&#8221;||||false|false&#8221; custom_padding=&#8221;30vh||0px||false|false&#8221; custom_padding_tablet=&#8221;&#8221; custom_padding_phone=&#8221;40vh||||false|false&#8221;][et_pb_column type=&#8221;4_4&#8243; _builder_version=&#8221;4.5.6&#8243; _module_preset=&#8221;default&#8221;][et_pb_text _builder_version=&#8221;4.5.6&#8243; _module_preset=&#8221;d15edb5e-a40b-4002-97a6-e5103cfbb476&#8243;]<\/p>\n<h1><span class=\"destacat\">Liderar<\/span> \u00e9s molt m\u00e9s que gestionar. <br \/><span class=\"destacat\">\u00c9s portar el futur al present <\/span>, perqu\u00e8 comenci avui mateix.<\/h1>\n<p>[\/et_pb_text][\/et_pb_column][\/et_pb_row][et_pb_row _builder_version=&#8221;4.5.6&#8243; _module_preset=&#8221;default&#8221; custom_padding=&#8221;50px||50px||false|false&#8221;][et_pb_column type=&#8221;4_4&#8243; _builder_version=&#8221;4.5.6&#8243; _module_preset=&#8221;default&#8221;][et_pb_text _builder_version=&#8221;4.5.6&#8243; _module_preset=&#8221;d15edb5e-a40b-4002-97a6-e5103cfbb476&#8243; text_font_size=&#8221;24px&#8221;]<\/p>\n<h2>Per aix\u00f2 incorporar la persona adequada \u00e9s clau per una companyia.<\/h2>\n<p>Som experts en la recerca de <strong> Directius <\/strong> i <strong> Consellers<\/strong>.<\/p>\n<p>[\/et_pb_text][\/et_pb_column][\/et_pb_row][\/et_pb_section][et_pb_section fb_built=&#8221;1&#8243; admin_label=&#8221;fons groc&#8221; _builder_version=&#8221;4.5.6&#8243; _module_preset=&#8221;default&#8221; background_color=&#8221;#589199&#8243; custom_margin=&#8221;0px||0px||false|false&#8221; custom_padding=&#8221;0vh||0vh||true|false&#8221; collapsed=&#8221;on&#8221;][et_pb_row _builder_version=&#8221;4.5.6&#8243; _module_preset=&#8221;default&#8221; background_color_gradient_direction=&#8221;225deg&#8221;][et_pb_column type=&#8221;4_4&#8243; _builder_version=&#8221;4.5.6&#8243; _module_preset=&#8221;default&#8221;][et_pb_text _builder_version=&#8221;4.5.6&#8243; _module_preset=&#8221;81c7dcbb-7831-4ade-8f95-d90f1e0d38fc&#8221;]<\/p>\n<p>Una organitzaci\u00f3, un equip, un projecte evoluciona i creix amb l&#8217;impuls dels seus professionals.<\/p>\n<p>T&#8217;ajudem a <span class=\"destacat\">trobar<\/span> i <span class=\"destacat\">integrar<\/span> el directiu adequat.<\/p>\n<p>[\/et_pb_text][\/et_pb_column][\/et_pb_row][\/et_pb_section][et_pb_section fb_built=&#8221;1&#8243; admin_label=&#8221;fons blanc&#8221; _builder_version=&#8221;4.5.6&#8243; _module_preset=&#8221;default&#8221; custom_margin=&#8221;25px||0px||false|false&#8221; custom_padding=&#8221;0px||0px||false|false&#8221; collapsed=&#8221;on&#8221;][et_pb_row column_structure=&#8221;3_5,2_5&#8243; _builder_version=&#8221;4.5.6&#8243; _module_preset=&#8221;default&#8221; use_background_color_gradient=&#8221;on&#8221; background_color_gradient_start=&#8221;#589199&#8243; background_color_gradient_end=&#8221;rgba(0,0,0,0)&#8221; background_color_gradient_direction=&#8221;225deg&#8221; background_color_gradient_start_position=&#8221;25px&#8221; background_color_gradient_end_position=&#8221;25px&#8221; custom_margin=&#8221;50px||0px||false|false&#8221; custom_padding=&#8221;0px||0px||false|false&#8221;][et_pb_column type=&#8221;3_5&#8243; _builder_version=&#8221;4.5.6&#8243; _module_preset=&#8221;default&#8221;][et_pb_text _builder_version=&#8221;4.5.6&#8243; _dynamic_attributes=&#8221;content&#8221; _module_preset=&#8221;default&#8221; text_text_color=&#8221;#1dd3b0&#8243; text_font_size=&#8221;20px&#8221; custom_margin=&#8221;0px||9px||false|false&#8221;]@ET-DC@eyJkeW5hbWljIjp0cnVlLCJjb250ZW50IjoicG9zdF90aXRsZSIsInNldHRpbmdzIjp7ImJlZm9yZSI6IiIsImFmdGVyIjoiIn19@[\/et_pb_text][\/et_pb_column][et_pb_column type=&#8221;2_5&#8243; _builder_version=&#8221;4.5.6&#8243; _module_preset=&#8221;default&#8221;][\/et_pb_column][\/et_pb_row][et_pb_row column_structure=&#8221;2_3,1_3&#8243; _builder_version=&#8221;4.5.6&#8243; _module_preset=&#8221;default&#8221; background_color_gradient_direction=&#8221;225deg&#8221; custom_margin=&#8221;0px||0px||false|false&#8221; custom_padding=&#8221;0px||0px||false|false&#8221;][et_pb_column type=&#8221;2_3&#8243; _builder_version=&#8221;4.5.6&#8243; _module_preset=&#8221;default&#8221;][et_pb_text _builder_version=&#8221;4.5.6&#8243; _module_preset=&#8221;29e94d50-7797-4b46-9d7b-6b67bd580048&#8243;]<\/p>\n<h2> Incorporem persones \u00faniques que marquen la difer\u00e8ncia<\/h2>\n<p>[\/et_pb_text][et_pb_text _builder_version=&#8221;4.5.6&#8243; _module_preset=&#8221;29e94d50-7797-4b46-9d7b-6b67bd580048&#8243;]<\/p>\n<h3>Contractar un directiu \u00e9s una gran oportunitat per una companyia i una decisi\u00f3 estrat\u00e8gica.<\/h3>\n<p>[\/et_pb_text][\/et_pb_column][et_pb_column type=&#8221;1_3&#8243; _builder_version=&#8221;4.5.6&#8243; _module_preset=&#8221;default&#8221;][\/et_pb_column][\/et_pb_row][\/et_pb_section][et_pb_section fb_built=&#8221;1&#8243; admin_label=&#8221;Fons mixt&#8221; _builder_version=&#8221;4.6.5&#8243; _module_preset=&#8221;default&#8221; use_background_color_gradient=&#8221;on&#8221; background_color_gradient_start=&#8221;#ffffff&#8221; background_color_gradient_end=&#8221;#1dd3b0&#8243; background_color_gradient_direction=&#8221;90deg&#8221; background_color_gradient_start_position=&#8221;40%&#8221; background_color_gradient_end_position=&#8221;40%&#8221; background_last_edited=&#8221;on|phone&#8221; background_color_gradient_start_phone=&#8221;#1dd3b0&#8243; collapsed=&#8221;on&#8221;][et_pb_row column_structure=&#8221;1_5,3_5,1_5&#8243; _builder_version=&#8221;4.5.6&#8243; _module_preset=&#8221;default&#8221; custom_padding=&#8221;0px|0px|0px|0px|false|false&#8221;][et_pb_column type=&#8221;1_5&#8243; _builder_version=&#8221;4.5.6&#8243; _module_preset=&#8221;default&#8221;][\/et_pb_column][et_pb_column type=&#8221;3_5&#8243; _builder_version=&#8221;4.5.6&#8243; _module_preset=&#8221;default&#8221;][et_pb_text _builder_version=&#8221;4.5.6&#8243; _module_preset=&#8221;a79c5492-d860-4180-bb67-17c0afc47b2e&#8221;]<\/p>\n<p>Incorporar el directiu <strong>adequat<\/strong> \u00e9s el nostre ofici i la nostra responsabilitat. Adequat al perfil, als reptes i al moment de l&#8217;organitzaci\u00f3, a la seva cultura i valors.<\/p>\n<p><strong>Per qu\u00e8 \u00e9s important?<\/strong><br \/> Perqu\u00e8 els l\u00edders projecten i construeixen el futur de les organitzacions. Amb les seves decisions i accions generen un impacte directe en l&#8217;estrat\u00e8gia, la cultura i les persones.<\/p>\n<p>[\/et_pb_text][\/et_pb_column][et_pb_column type=&#8221;1_5&#8243; _builder_version=&#8221;4.5.6&#8243; _module_preset=&#8221;default&#8221;][\/et_pb_column][\/et_pb_row][\/et_pb_section][et_pb_section fb_built=&#8221;1&#8243; specialty=&#8221;on&#8221; padding_top_bottom_link_1=&#8221;false&#8221; padding_left_right_link_1=&#8221;false&#8221; padding_top_1=&#8221;0px&#8221; _builder_version=&#8221;4.6.5&#8243; _module_preset=&#8221;default&#8221; background_color=&#8221;#ced6c7&#8243; custom_margin=&#8221;50px||||false|false&#8221; custom_padding=&#8221;50px||50px||false|false&#8221;][et_pb_column type=&#8221;1_3&#8243; _builder_version=&#8221;3.25&#8243; custom_padding=&#8221;|||&#8221; custom_padding__hover=&#8221;|||&#8221;][et_pb_text _builder_version=&#8221;4.6.5&#8243; _module_preset=&#8221;default&#8221;]<\/p>\n<h2>Treballem de forma artesanal, i de l&#8217;\u00fanica manera que sabem fer-ho: b\u00e9<\/h2>\n<p>[\/et_pb_text][\/et_pb_column][et_pb_column type=&#8221;2_3&#8243; specialty_columns=&#8221;2&#8243; _builder_version=&#8221;3.25&#8243; custom_padding=&#8221;|||&#8221; custom_padding__hover=&#8221;|||&#8221;][et_pb_row_inner column_structure=&#8221;1_2,1_2&#8243; _builder_version=&#8221;4.5.6&#8243; _module_preset=&#8221;default&#8221; use_background_color_gradient=&#8221;on&#8221; background_color_gradient_start=&#8221;rgba(0,0,0,0)&#8221; background_color_gradient_end=&#8221;rgba(0,0,0,0)&#8221; background_color_gradient_direction=&#8221;45deg&#8221; background_color_gradient_start_position=&#8221;2%&#8221; background_color_gradient_end_position=&#8221;2%&#8221; custom_padding=&#8221;0px||||false|false&#8221;][et_pb_column_inner type=&#8221;1_2&#8243; saved_specialty_column_type=&#8221;2_3&#8243; _builder_version=&#8221;4.5.6&#8243; _module_preset=&#8221;default&#8221;][et_pb_text _builder_version=&#8221;4.6.5&#8243; _module_preset=&#8221;default&#8221; text_text_color=&#8221;#000000&#8243; text_font_size=&#8221;20px&#8221; header_3_text_color=&#8221;#000000&#8243; header_3_font_size=&#8221;35px&#8221; custom_margin=&#8221;||1em||false|false&#8221; custom_padding=&#8221;1em||||false|false&#8221; header_3_font_size_tablet=&#8221;&#8221; header_3_font_size_phone=&#8221;25px&#8221; header_3_font_size_last_edited=&#8221;on|phone&#8221; border_width_top=&#8221;2px&#8221; border_color_top=&#8221;#589199&#8243;]<\/p>\n<h3>Capacitat<br \/> de recerca<\/h3>\n<p>[\/et_pb_text][et_pb_text _builder_version=&#8221;4.5.6&#8243; _module_preset=&#8221;94423b13-a169-4a8a-82bf-19eb61af3007&#8243;]<\/p>\n<p> A trav\u00e9s d&#8217;una extensa xarxa de contactes, constru\u00efda en m\u00e9s de 20 anys de professi\u00f3. <\/p>\n<p>[\/et_pb_text][\/et_pb_column_inner][et_pb_column_inner type=&#8221;1_2&#8243; saved_specialty_column_type=&#8221;2_3&#8243; _builder_version=&#8221;4.5.6&#8243; _module_preset=&#8221;default&#8221;][et_pb_text _builder_version=&#8221;4.5.6&#8243; _module_preset=&#8221;default&#8221; text_text_color=&#8221;#000000&#8243; text_font_size=&#8221;20px&#8221; header_3_text_color=&#8221;#000000&#8243; header_3_font_size=&#8221;35px&#8221; custom_margin=&#8221;||1em||false|false&#8221; custom_padding=&#8221;1em||||false|false&#8221; header_3_font_size_tablet=&#8221;&#8221; header_3_font_size_phone=&#8221;25px&#8221; header_3_font_size_last_edited=&#8221;on|phone&#8221; border_width_top=&#8221;2px&#8221; border_color_top=&#8221;#589199&#8243;]<\/p>\n<h3>Experi\u00e8ncia <br \/>d&#8217;\u00e8xit<\/h3>\n<p>[\/et_pb_text][et_pb_text _builder_version=&#8221;4.5.6&#8243; _module_preset=&#8221;94423b13-a169-4a8a-82bf-19eb61af3007&#8243;]El 92% dels nostres clients repeteixen processos de recerca de directius i manifesten la seva satisfacci\u00f3 del servei i comprom\u00eds mostrats.[\/et_pb_text][\/et_pb_column_inner][\/et_pb_row_inner][et_pb_row_inner column_structure=&#8221;1_2,1_2&#8243; _builder_version=&#8221;4.5.6&#8243; _module_preset=&#8221;default&#8221; use_background_color_gradient=&#8221;on&#8221; background_color_gradient_start=&#8221;rgba(0,0,0,0)&#8221; background_color_gradient_end=&#8221;rgba(0,0,0,0)&#8221; background_color_gradient_direction=&#8221;45deg&#8221; background_color_gradient_start_position=&#8221;2%&#8221; background_color_gradient_end_position=&#8221;2%&#8221; custom_padding=&#8221;0px||||false|false&#8221;][et_pb_column_inner type=&#8221;1_2&#8243; saved_specialty_column_type=&#8221;2_3&#8243; _builder_version=&#8221;4.5.6&#8243; _module_preset=&#8221;default&#8221;][et_pb_text _builder_version=&#8221;4.5.6&#8243; _module_preset=&#8221;default&#8221; text_text_color=&#8221;#000000&#8243; text_font_size=&#8221;20px&#8221; header_3_text_color=&#8221;#000000&#8243; header_3_font_size=&#8221;35px&#8221; custom_margin=&#8221;||1em||false|false&#8221; custom_padding=&#8221;1em||||false|false&#8221; header_3_font_size_tablet=&#8221;&#8221; header_3_font_size_phone=&#8221;25px&#8221; header_3_font_size_last_edited=&#8221;on|phone&#8221; border_width_top=&#8221;2px&#8221; border_color_top=&#8221;#589199&#8243;]<\/p>\n<h3>Dedicaci\u00f3<br \/> de consultors<br \/> experts<\/h3>\n<p>[\/et_pb_text][et_pb_text _builder_version=&#8221;4.5.6&#8243; _module_preset=&#8221;94423b13-a169-4a8a-82bf-19eb61af3007&#8243;]Entenem el teu negoci i del teu negoci. Dediquem molt de temps a fer-ho, per\u00f2 \u00e9s fonamental per donar-te la nostra qualitat[\/et_pb_text][\/et_pb_column_inner][et_pb_column_inner type=&#8221;1_2&#8243; saved_specialty_column_type=&#8221;2_3&#8243; _builder_version=&#8221;4.5.6&#8243; _module_preset=&#8221;default&#8221;][et_pb_text _builder_version=&#8221;4.5.6&#8243; _module_preset=&#8221;default&#8221; text_text_color=&#8221;#000000&#8243; text_font_size=&#8221;20px&#8221; header_3_text_color=&#8221;#000000&#8243; header_3_font_size=&#8221;35px&#8221; custom_margin=&#8221;||1em||false|false&#8221; custom_padding=&#8221;1em||||false|false&#8221; header_3_font_size_tablet=&#8221;&#8221; header_3_font_size_phone=&#8221;25px&#8221; header_3_font_size_last_edited=&#8221;on|phone&#8221; border_width_top=&#8221;2px&#8221; border_color_top=&#8221;#589199&#8243;]<\/p>\n<h3>Orientaci\u00f3 i<br \/> acompanyament<br \/> als candidats<\/h3>\n<p>[\/et_pb_text][et_pb_text _builder_version=&#8221;4.5.6&#8243; _module_preset=&#8221;94423b13-a169-4a8a-82bf-19eb61af3007&#8243;]Abans, durant i despr\u00e9s de la incorporaci\u00f3. Ens caracteritza un tracte molt personal. [\/et_pb_text][\/et_pb_column_inner][\/et_pb_row_inner][et_pb_row_inner column_structure=&#8221;1_2,1_2&#8243; _builder_version=&#8221;4.5.6&#8243; _module_preset=&#8221;default&#8221; use_background_color_gradient=&#8221;on&#8221; background_color_gradient_start=&#8221;rgba(0,0,0,0)&#8221; background_color_gradient_end=&#8221;rgba(0,0,0,0)&#8221; background_color_gradient_direction=&#8221;45deg&#8221; background_color_gradient_start_position=&#8221;2%&#8221; background_color_gradient_end_position=&#8221;2%&#8221; custom_padding=&#8221;0px||0px||false|false&#8221;][et_pb_column_inner type=&#8221;1_2&#8243; saved_specialty_column_type=&#8221;2_3&#8243; _builder_version=&#8221;4.5.6&#8243; _module_preset=&#8221;default&#8221;][et_pb_text _builder_version=&#8221;4.5.6&#8243; _module_preset=&#8221;default&#8221; text_text_color=&#8221;#000000&#8243; text_font_size=&#8221;20px&#8221; header_3_text_color=&#8221;#000000&#8243; header_3_font_size=&#8221;35px&#8221; custom_margin=&#8221;||1em||false|false&#8221; custom_padding=&#8221;1em||||false|false&#8221; header_3_font_size_tablet=&#8221;&#8221; header_3_font_size_phone=&#8221;25px&#8221; header_3_font_size_last_edited=&#8221;on|phone&#8221; border_width_top=&#8221;2px&#8221; border_color_top=&#8221;#589199&#8243;]<\/p>\n<h3>Rigor i<br \/> confidencialitat<\/h3>\n<p>[\/et_pb_text][et_pb_text _builder_version=&#8221;4.5.6&#8243; _module_preset=&#8221;94423b13-a169-4a8a-82bf-19eb61af3007&#8243;]Pensem per a tu. Diem el que fem i fem el que diem. Per nosaltres m\u00e9s que un repte, un comprom\u00eds amb tu.[\/et_pb_text][\/et_pb_column_inner][et_pb_column_inner type=&#8221;1_2&#8243; saved_specialty_column_type=&#8221;2_3&#8243; _builder_version=&#8221;4.5.6&#8243; _module_preset=&#8221;default&#8221;][et_pb_text _builder_version=&#8221;4.5.6&#8243; _module_preset=&#8221;default&#8221; text_text_color=&#8221;#000000&#8243; text_font_size=&#8221;20px&#8221; header_3_text_color=&#8221;#000000&#8243; header_3_font_size=&#8221;35px&#8221; custom_margin=&#8221;||1em||false|false&#8221; custom_padding=&#8221;1em||||false|false&#8221; header_3_font_size_tablet=&#8221;&#8221; header_3_font_size_phone=&#8221;25px&#8221; header_3_font_size_last_edited=&#8221;on|phone&#8221; border_width_top=&#8221;2px&#8221; border_color_top=&#8221;#589199&#8243;]<\/p>\n<h3>Transpar\u00e8ncia<br \/> i honestedat<\/h3>\n<p>[\/et_pb_text][et_pb_text _builder_version=&#8221;4.5.6&#8243; _module_preset=&#8221;94423b13-a169-4a8a-82bf-19eb61af3007&#8243;]Compartim la informaci\u00f3 necess\u00e0ria amb el candidat i amb el nostre client perqu\u00e8 l&#8217;elecci\u00f3, per les dues parts, sigui plenament conscient. Sabem que aqu\u00ed hi ha la clau de l&#8217;\u00e8xit. [\/et_pb_text][\/et_pb_column_inner][\/et_pb_row_inner][\/et_pb_column][\/et_pb_section][et_pb_section fb_built=&#8221;1&#8243; module_id=&#8221;reptes&#8221; module_class=&#8221;retos&#8221; _builder_version=&#8221;4.5.6&#8243; _module_preset=&#8221;default&#8221; custom_padding=&#8221;0px|||||&#8221; collapsed=&#8221;on&#8221;][et_pb_row column_structure=&#8221;1_2,1_2&#8243; _builder_version=&#8221;4.5.6&#8243; _module_preset=&#8221;default&#8221; use_background_color_gradient=&#8221;on&#8221; background_color_gradient_start=&#8221;#589199&#8243; background_color_gradient_end=&#8221;rgba(0,0,0,0)&#8221; background_color_gradient_direction=&#8221;45deg&#8221; background_color_gradient_start_position=&#8221;25px&#8221; background_color_gradient_end_position=&#8221;25px&#8221; custom_margin=&#8221;0px||50px||false|false&#8221; custom_padding=&#8221;50px|0px|50px|0px|false|false&#8221;][et_pb_column type=&#8221;1_2&#8243; _builder_version=&#8221;4.5.6&#8243; _module_preset=&#8221;default&#8221; custom_padding=&#8221;19px||||false|false&#8221;][et_pb_text _builder_version=&#8221;4.5.6&#8243; _module_preset=&#8221;29e94d50-7797-4b46-9d7b-6b67bd580048&#8243;]<\/p>\n<h2> Digues qu\u00e8 necessites i comen\u00e7arem la cerca.<\/h2>\n<p>[\/et_pb_text][et_pb_text _builder_version=&#8221;4.5.6&#8243; _module_preset=&#8221;29e94d50-7797-4b46-9d7b-6b67bd580048&#8243;]<\/p>\n<h3>Les persones clau generen valor i resultats<\/h3>\n<p>[\/et_pb_text][et_pb_text _builder_version=&#8221;4.5.6&#8243; _module_preset=&#8221;29e94d50-7797-4b46-9d7b-6b67bd580048&#8243;]Ho sabem. Per aix\u00f2, incorporar la persona adequada \u00e9s clau per una companyia.<\/p>\n<p>Confia en nosaltres. Ara \u00e9s un bon moment.[\/et_pb_text][\/et_pb_column][et_pb_column type=&#8221;1_2&#8243; _builder_version=&#8221;4.5.6&#8243; _module_preset=&#8221;default&#8221;][et_pb_wpt_gravityform gravityform_id=&#8221;gf-4&#8243; title=&#8221;off&#8221; description=&#8221;off&#8221; ajax=&#8221;on&#8221; _builder_version=&#8221;4.5.6&#8243; _module_preset=&#8221;default&#8221;][\/et_pb_wpt_gravityform][\/et_pb_column][\/et_pb_row][\/et_pb_section]<\/p>\n","protected":false},"excerpt":{"rendered":"<p>Liderar \u00e9s molt m\u00e9s que gestionar. \u00c9s portar el futur al present , perqu\u00e8 comenci avui mateix.Per aix\u00f2 incorporar la persona adequada \u00e9s clau per una companyia. Som experts en la recerca de Directius i Consellers.Una organitzaci\u00f3, un equip, un projecte evoluciona i creix amb l&#8217;impuls dels seus professionals. T&#8217;ajudem a trobar i integrar el [&hellip;]<\/p>\n","protected":false},"author":2,"featured_media":0,"parent":0,"menu_order":0,"comment_status":"closed","ping_status":"closed","template":"","meta":{"_et_pb_use_builder":"on","_et_pb_old_content":"","_et_gb_content_width":"","inline_featured_image":false,"footnotes":""},"class_list":["post-4039","page","type-page","status-publish","hentry"],"_links":{"self":[{"href":"https:\/\/www.placonsultoria.com\/ca\/wp-json\/wp\/v2\/pages\/4039","targetHints":{"allow":["GET"]}}],"collection":[{"href":"https:\/\/www.placonsultoria.com\/ca\/wp-json\/wp\/v2\/pages"}],"about":[{"href":"https:\/\/www.placonsultoria.com\/ca\/wp-json\/wp\/v2\/types\/page"}],"author":[{"embeddable":true,"href":"https:\/\/www.placonsultoria.com\/ca\/wp-json\/wp\/v2\/users\/2"}],"replies":[{"embeddable":true,"href":"https:\/\/www.placonsultoria.com\/ca\/wp-json\/wp\/v2\/comments?post=4039"}],"version-history":[{"count":8,"href":"https:\/\/www.placonsultoria.com\/ca\/wp-json\/wp\/v2\/pages\/4039\/revisions"}],"predecessor-version":[{"id":4144,"href":"https:\/\/www.placonsultoria.com\/ca\/wp-json\/wp\/v2\/pages\/4039\/revisions\/4144"}],"wp:attachment":[{"href":"https:\/\/www.placonsultoria.com\/ca\/wp-json\/wp\/v2\/media?parent=4039"}],"curies":[{"name":"wp","href":"https:\/\/api.w.org\/{rel}","templated":true}]}}