{"id":4056,"date":"2020-08-19T08:24:02","date_gmt":"2020-08-19T06:24:02","guid":{"rendered":"https:\/\/www.placonsultoria.com\/politica-de-privacitat\/"},"modified":"2020-10-02T11:42:37","modified_gmt":"2020-10-02T11:42:37","slug":"politica-de-privacitat","status":"publish","type":"page","link":"https:\/\/www.placonsultoria.com\/ca\/politica-de-privacitat\/","title":{"rendered":"Pol\u00edtica de privacitat"},"content":{"rendered":"<p>[et_pb_section fb_built=&#8221;1&#8243; _builder_version=&#8221;4.5.6&#8243; _module_preset=&#8221;default&#8221; custom_padding=&#8221;0px|||||&#8221;][et_pb_row use_custom_gutter=&#8221;on&#8221; _builder_version=&#8221;4.5.6&#8243; _module_preset=&#8221;default&#8221; max_width=&#8221;800px&#8221;][et_pb_column type=&#8221;4_4&#8243; _builder_version=&#8221;4.5.6&#8243; _module_preset=&#8221;default&#8221;][et_pb_text _builder_version=&#8221;4.5.6&#8243; _module_preset=&#8221;default&#8221; header_2_font=&#8221;|700|||||||&#8221; custom_margin=&#8221;||60px|||&#8221; hover_enabled=&#8221;0&#8243; header_2_font_size_last_edited=&#8221;off|desktop&#8221; header_font_size=&#8221;50px&#8221;]<\/p>\n<h1> Pol\u00edtica de privacitat <\/h1>\n<h2> Responsable <\/h2>\n<p> <strong> Identitat: <\/strong> <br \/> BUSINESS PEOPLE RESEARCH S.L. <\/p>\n<p> <strong> CIF: <\/strong> <br \/> B62918081 <\/p>\n<p> <strong> Adre\u00e7a postal: <\/strong> <br \/> c \/ Num\u00e0ncia, 187 2n planta 08034 BARCELONA <\/p>\n<p> <strong> Correu electr\u00f2nic: <\/strong> <br \/> <a href=\"mailto:info@placonsultoria.com\"> info@placonsultoria.com <\/a> <\/p>\n<h2> Finalitat <\/h2>\n<p> Tots els usuaris que accedeixen a la nostra p\u00e0gina web podran con\u00e8ixer tot el seu contingut sense necessitat de facilitar cap informaci\u00f3 de car\u00e0cter personal. Les teves dades personals nom\u00e9s seran recaptats quan omplis de forma volunt\u00e0ria un formulari i per al fi concret establert. <\/ P><\/p>\n<h3> RECOLLIDA I TRACTAMENT DE DADES DE CANDIDATS <\/h3>\n<p> Si ens fas arribar la teva candidatura de forma espont\u00e0nia o com a resposta a una oferta de treball utilitzarem les dades que ens facilitis per: <\/p>\n<ul>\n<li> Avaluar la teva candidatura i establir contacte amb tu per participar en el proc\u00e9s de selecci\u00f3. <\/li>\n<li> Buscar per a tu oportunitats professionals actuals o futures d&#8217;acord amb el teu perfil d&#8217;interessos i a les oportunitats que els nostres clients ens confien. <\/li>\n<\/ul>\n<p> Les dades personals proporcionades es conservaran en fitxers automatitzats durant 3 anys o mentre no demanis de forma expressa la seva supressi\u00f3. <\/p>\n<p> Les categories de dades que tractem s\u00f3n: dades d&#8217;identificaci\u00f3 (nom i cognoms i data de naixement); dades de contacte (adreces postals i electr\u00f2niques i tel\u00e8fons); dades acad\u00e8miques i professionals (estudis, formaci\u00f3, vida laboral). En cap cas es tracten dades de categoria especial. <\/p>\n<p> No utilitzarem les teves dades per fer-te arribar informaci\u00f3 sobre les nostres activitats o serveis. Si vols seguir en contacte amb nosaltres, et convidem a seguir-nos a les xarxes socials, especialment Linkedin, a trav\u00e9s del nostre perfil d&#8217;empresa o perfils personals. <\/p>\n<p> \u00danicament compartirem les teves dades amb els clients, si has contestat a una oferta d&#8217;ocupaci\u00f3 espec\u00edfica, o si ens has fet arribar el teu cv per valorar i incorporar-lo a diferents ofertes de treball i en el marc de l&#8217;acord de confidencialitat i cessi\u00f3 de dades establert amb ells. En altres circumst\u00e0ncies sempre vam sol\u00b7licitar de forma pr\u00e8via la teva autoritzaci\u00f3 expressa. <\/p>\n<p> No realitzem cap transfer\u00e8ncia de dades personals a un tercer pa\u00eds o organitzaci\u00f3 internacional. <\/p>\n<h3> RECOLLIDA I TRACTAMENT DE DADES DE CONTACTES INTERESSATS EN INFORMACI\u00d3 <\/h3>\n<p> Si contactes amb nosaltres a trav\u00e9s dels formularis sol\u00b7licitud d&#8217;informaci\u00f3 utilitzarem les dades que ens facilitis per: <\/p>\n<ul>\n<li> Atendre les sol\u00b7licituds d&#8217;informaci\u00f3 <\/li>\n<li> Gestionar i mantenir una relaci\u00f3 comercial o contractual <\/li>\n<\/ul>\n<p> Les dades personals que ens proporcionis es conservaran en fitxers automatitzats mentre duri la nostra relaci\u00f3 comercial o contractual i en el termini que estableix la previsi\u00f3 legal per raons fiscals i comptables. En cas de clients potencials conservarem la informaci\u00f3 de contacte durant un termini de 2 anys o fins que no ens demanis de forma expressa la seva supressi\u00f3. <\/p>\n<h2> Legitimaci\u00f3 i consentiment <\/h2>\n<p> Sempre que comparteixis amb nosaltres dades personals necessitarem demanar el teu consentiment de forma expressa, per complir amb la finalitat amb la que ens els facilites. <\/p>\n<p> Si comparteixes amb nosaltres un link al teu curr\u00edculum, al teu portafoli, o a qualsevol altre document, o ens ho adjuntes com a part del formulari est\u00e0s consentint el tractament de les teves dades personals. <\/p>\n<p> No acceptarem en cap cas un CV a trav\u00e9s de mail i ser\u00e0 sempre necessari utilitzar el formulari d&#8217;acc\u00e9s per obtenir el consentiment expr\u00e9s. <\/p>\n<h2> Proced\u00e8ncia de les dades <\/h2>\n<p> El candidat o la persona que realitza el contacte a trav\u00e9s dels formularis \u00e9s responsable de garantir que les dades que facilita s\u00f3n veritables, exactes, completes i actualitzades. A aquests efectes, respon per aquestes dades i \u00e9s responsable de mantenir actualitzada la informaci\u00f3 facilitada. <\/p>\n<h2> Drets <\/h2>\n<p> Tens dret a sol\u00b7licitar: <\/p>\n<ul>\n<li> l&#8217;acc\u00e9s a les dades personals que tenim sobre tu <\/li>\n<li> la rectificaci\u00f3 o supressi\u00f3, <\/li>\n<li> la limitaci\u00f3 del seu tractament, <\/li>\n<li> la teva oposici\u00f3 a el tractament, <\/li>\n<li> a la portabilitat de les dades; <\/li>\n<\/ul>\n<p> Pots exercir els teus drets enviant un correu electr\u00f2nic a info@placonsultoria.com, adjuntant una fotoc\u00f2pia del DNI. <\/ P><\/p>\n<h2> Seguretat i confidencialitat <\/h2>\n<p> Estem compromesos amb la seguretat de la teva informaci\u00f3. Amb l&#8217;objecte de prevenir accessos no autoritzats o la revelaci\u00f3 no autoritzada de dades personals, hem pres les mesures adequades tant t\u00e8cniques com f\u00edsiques, aix\u00ed com els processos de gesti\u00f3 per a salvaguardar i assegurar la informaci\u00f3 que demanem de tu. <\/p>\n<p> Hem establert una s\u00e8rie d&#8217;acords de confidencialitat amb els nostres prove\u00efdors, clients i col\u00b7laboradors. <\/p>\n<p> Compartirem la teva informaci\u00f3 personal \u00fanicament amb tercers de confian\u00e7a, sempre que els h\u00e0gim contractat per prestar serveis sol\u00b7licitats pels nostres clients, per ex. per a elaboraci\u00f3 de proves psicom\u00e8triques o d&#8217;aptitud. <\/p>\n<p>[\/et_pb_text][\/et_pb_column][\/et_pb_row][\/et_pb_section]<\/p>\n","protected":false},"excerpt":{"rendered":"<p>Pol\u00edtica de privacitat Responsable Identitat: BUSINESS PEOPLE RESEARCH S.L. CIF: B62918081 Adre\u00e7a postal: c \/ Num\u00e0ncia, 187 2n planta 08034 BARCELONA Correu electr\u00f2nic: info@placonsultoria.com Finalitat Tots els usuaris que accedeixen a la nostra p\u00e0gina web podran con\u00e8ixer tot el seu contingut sense necessitat de facilitar cap informaci\u00f3 de car\u00e0cter personal. Les teves dades personals nom\u00e9s [&hellip;]<\/p>\n","protected":false},"author":1,"featured_media":0,"parent":0,"menu_order":0,"comment_status":"closed","ping_status":"closed","template":"","meta":{"_et_pb_use_builder":"on","_et_pb_old_content":"","_et_gb_content_width":"","inline_featured_image":false,"footnotes":""},"class_list":["post-4056","page","type-page","status-publish","hentry"],"_links":{"self":[{"href":"https:\/\/www.placonsultoria.com\/ca\/wp-json\/wp\/v2\/pages\/4056","targetHints":{"allow":["GET"]}}],"collection":[{"href":"https:\/\/www.placonsultoria.com\/ca\/wp-json\/wp\/v2\/pages"}],"about":[{"href":"https:\/\/www.placonsultoria.com\/ca\/wp-json\/wp\/v2\/types\/page"}],"author":[{"embeddable":true,"href":"https:\/\/www.placonsultoria.com\/ca\/wp-json\/wp\/v2\/users\/1"}],"replies":[{"embeddable":true,"href":"https:\/\/www.placonsultoria.com\/ca\/wp-json\/wp\/v2\/comments?post=4056"}],"version-history":[{"count":11,"href":"https:\/\/www.placonsultoria.com\/ca\/wp-json\/wp\/v2\/pages\/4056\/revisions"}],"predecessor-version":[{"id":4099,"href":"https:\/\/www.placonsultoria.com\/ca\/wp-json\/wp\/v2\/pages\/4056\/revisions\/4099"}],"wp:attachment":[{"href":"https:\/\/www.placonsultoria.com\/ca\/wp-json\/wp\/v2\/media?parent=4056"}],"curies":[{"name":"wp","href":"https:\/\/api.w.org\/{rel}","templated":true}]}}