{"id":4065,"date":"2020-08-19T08:24:48","date_gmt":"2020-08-19T06:24:48","guid":{"rendered":"https:\/\/www.placonsultoria.com\/avis-legal\/"},"modified":"2020-10-02T10:53:29","modified_gmt":"2020-10-02T10:53:29","slug":"avis-legal","status":"publish","type":"page","link":"https:\/\/www.placonsultoria.com\/ca\/avis-legal\/","title":{"rendered":"Av\u00eds legal"},"content":{"rendered":"<p>[et_pb_section fb_built=&#8221;1&#8243; _builder_version=&#8221;4.5.6&#8243; _module_preset=&#8221;default&#8221; custom_padding=&#8221;0px|||||&#8221;][et_pb_row use_custom_gutter=&#8221;on&#8221; _builder_version=&#8221;4.5.6&#8243; _module_preset=&#8221;default&#8221; max_width=&#8221;800px&#8221; hover_enabled=&#8221;0&#8243;][et_pb_column type=&#8221;4_4&#8243; _builder_version=&#8221;4.5.6&#8243; _module_preset=&#8221;default&#8221;][et_pb_text _builder_version=&#8221;4.5.6&#8243; _module_preset=&#8221;default&#8221; header_font=&#8221;|600|||||||&#8221; header_font_size=&#8221;40px&#8221; hover_enabled=&#8221;0&#8243; custom_margin=&#8221;||60px|||&#8221;]<\/p>\n<h1>Av\u00eds legal<\/h1>\n<p>[\/et_pb_text][et_pb_text _builder_version=&#8221;4.5.6&#8243; _module_preset=&#8221;default&#8221; custom_margin=&#8221;||30px|||&#8221; hover_enabled=&#8221;0&#8243; header_2_font=&#8221;Montserrat|700|||||||&#8221; header_2_font_size=&#8221;25px&#8221;]<\/p>\n<h2>Titular del web:<\/h2>\n<p>[\/et_pb_text][et_pb_text _builder_version=&#8221;4.5.6&#8243; _module_preset=&#8221;default&#8221; custom_margin=&#8221;||60px|||&#8221; hover_enabled=&#8221;0&#8243; header_2_font=&#8221;Montserrat|700|||||||&#8221; header_2_font_size=&#8221;25px&#8221;]<\/p>\n<p> <strong> Denominaci\u00f3 social: <\/ strong> <br \/> BUSINESS PEOPLE RESEARCH S.L. <\/p>\n<p> <strong> Domicili social: <\/ strong> <br \/> c \/ Num\u00e0ncia, 187 2n planta 08034 BARCELONA <\/p>\n<p> <strong> NIF: <\/ strong> <br \/> B62918081 <\/p>\n<p> <strong> Registre Mercantil: <\/strong> <br \/> Inscrita en el Registre Mercantil de Barcelona, Tom 35.090, foli 76, full B260597, inscripci\u00f3 1 <\/p>\n<p> <strong> Adre\u00e7a de correu electr\u00f2nic: <\/strong> <br \/> info@placonsultoria.com <\/p>\n<p>[\/et_pb_text][\/et_pb_column][\/et_pb_row][\/et_pb_section]<\/p>\n","protected":false},"excerpt":{"rendered":"<p>Av\u00eds legalTitular del web: Denominaci\u00f3 social: BUSINESS PEOPLE RESEARCH S.L. Domicili social: c \/ Num\u00e0ncia, 187 2n planta 08034 BARCELONA NIF: B62918081 Registre Mercantil: Inscrita en el Registre Mercantil de Barcelona, Tom 35.090, foli 76, full B260597, inscripci\u00f3 1 Adre\u00e7a de correu electr\u00f2nic: info@placonsultoria.com<\/p>\n","protected":false},"author":1,"featured_media":0,"parent":0,"menu_order":0,"comment_status":"closed","ping_status":"closed","template":"","meta":{"_et_pb_use_builder":"on","_et_pb_old_content":"","_et_gb_content_width":"","inline_featured_image":false,"footnotes":""},"class_list":["post-4065","page","type-page","status-publish","hentry"],"_links":{"self":[{"href":"https:\/\/www.placonsultoria.com\/ca\/wp-json\/wp\/v2\/pages\/4065","targetHints":{"allow":["GET"]}}],"collection":[{"href":"https:\/\/www.placonsultoria.com\/ca\/wp-json\/wp\/v2\/pages"}],"about":[{"href":"https:\/\/www.placonsultoria.com\/ca\/wp-json\/wp\/v2\/types\/page"}],"author":[{"embeddable":true,"href":"https:\/\/www.placonsultoria.com\/ca\/wp-json\/wp\/v2\/users\/1"}],"replies":[{"embeddable":true,"href":"https:\/\/www.placonsultoria.com\/ca\/wp-json\/wp\/v2\/comments?post=4065"}],"version-history":[{"count":2,"href":"https:\/\/www.placonsultoria.com\/ca\/wp-json\/wp\/v2\/pages\/4065\/revisions"}],"predecessor-version":[{"id":4067,"href":"https:\/\/www.placonsultoria.com\/ca\/wp-json\/wp\/v2\/pages\/4065\/revisions\/4067"}],"wp:attachment":[{"href":"https:\/\/www.placonsultoria.com\/ca\/wp-json\/wp\/v2\/media?parent=4065"}],"curies":[{"name":"wp","href":"https:\/\/api.w.org\/{rel}","templated":true}]}}