{"id":9375,"date":"2025-10-16T14:34:41","date_gmt":"2025-10-16T12:34:41","guid":{"rendered":"https:\/\/www.placonsultoria.com\/consultoria-estrategica\/"},"modified":"2025-10-24T12:08:35","modified_gmt":"2025-10-24T10:08:35","slug":"consultoria-estrategica","status":"publish","type":"page","link":"https:\/\/www.placonsultoria.com\/ca\/consultoria-estrategica\/","title":{"rendered":"Consultoria estrat\u00e8gica"},"content":{"rendered":"<p>[et_pb_section fb_built=&#8221;1&#8243; admin_label=&#8221;Cap\u00e7alera&#8221; _builder_version=&#8221;4.24.0&#8243; _module_preset=&#8221;default&#8221; use_background_color_gradient=&#8221;on&#8221; background_color_gradient_stops=&#8221;rgba(0,0,0,0) 0%|rgba(0,0,0,0.5) 60%&#8221; background_color_gradient_overlays_image=&#8221;on&#8221; background_color_gradient_start=&#8221;rgba(0,0,0,0)&#8221; background_color_gradient_end=&#8221;rgba(0,0,0,0.5)&#8221; background_color_gradient_end_position=&#8221;60%&#8221; background_image=&#8221;https:\/\/www.placonsultoria.com\/wp-content\/uploads\/2025\/10\/consultoria-estrategica.jpg&#8221; background_position=&#8221;top_right&#8221; custom_margin=&#8221;0px||0px||false|false&#8221; custom_padding=&#8221;0px||0px||false|false&#8221; background_last_edited=&#8221;on|phone&#8221; background_position_phone=&#8221;center&#8221; collapsed=&#8221;on&#8221; global_colors_info=&#8221;{}&#8221;][et_pb_row custom_padding_last_edited=&#8221;on|phone&#8221; _builder_version=&#8221;4.24.0&#8243; _module_preset=&#8221;default&#8221; custom_margin=&#8221;||||false|false&#8221; custom_padding=&#8221;40vh||0px||false|false&#8221; custom_padding_tablet=&#8221;&#8221; custom_padding_phone=&#8221;20vh||||false|false&#8221; global_colors_info=&#8221;{}&#8221;][et_pb_column type=&#8221;4_4&#8243; _builder_version=&#8221;4.16&#8243; _module_preset=&#8221;default&#8221; global_colors_info=&#8221;{}&#8221;][et_pb_text _builder_version=&#8221;4.24.0&#8243; _module_preset=&#8221;d15edb5e-a40b-4002-97a6-e5103cfbb476&#8243; width=&#8221;850px&#8221; max_width=&#8221;100%&#8221; global_colors_info=&#8221;{}&#8221;]<\/p>\n<h1><span class=\"screen-reader-text\">Consultoria Estrat\u00e8gica: <\/span>Tu defineixes el <span span=\"\" class=\"destacat\">qu\u00e8,<\/span> nosaltres t&#8217;ajudem amb el <span span=\"\" class=\"destacat\">com<\/span>.<\/h1>\n<p>[\/et_pb_text][\/et_pb_column][\/et_pb_row][et_pb_row column_structure=&#8221;3_4,1_4&#8243; _builder_version=&#8221;4.19.1&#8243; _module_preset=&#8221;default&#8221; custom_padding=&#8221;0px||50px||false|false&#8221; global_colors_info=&#8221;{}&#8221;][et_pb_column type=&#8221;3_4&#8243; _builder_version=&#8221;4.16&#8243; _module_preset=&#8221;default&#8221; global_colors_info=&#8221;{}&#8221;][et_pb_text _builder_version=&#8221;4.24.0&#8243; _module_preset=&#8221;d15edb5e-a40b-4002-97a6-e5103cfbb476&#8243; text_font_size=&#8221;24px&#8221; custom_padding=&#8221;5px||0px||false|false&#8221; global_colors_info=&#8221;{}&#8221;]<\/p>\n<h2>Transforma la teva visi\u00f3 en<span style=\"font-size: large; font-family: 'DM Sans', Helvetica, Arial, Lucida, sans-serif;\"> <\/span>acci\u00f3 i fes que la teva<span style=\"font-size: large; font-family: 'DM Sans', Helvetica, Arial, Lucida, sans-serif;\"> <\/span>estrat\u00e8gia cobri vida.<\/h2>\n<p>[\/et_pb_text][\/et_pb_column][et_pb_column type=&#8221;1_4&#8243; _builder_version=&#8221;4.16&#8243; _module_preset=&#8221;default&#8221; global_colors_info=&#8221;{}&#8221;][\/et_pb_column][\/et_pb_row][\/et_pb_section][et_pb_section fb_built=&#8221;1&#8243; _builder_version=&#8221;4.24.0&#8243; _module_preset=&#8221;default&#8221; custom_margin=&#8221;0px||0px||false|false&#8221; custom_padding=&#8221;30px||50px||false|false&#8221; locked=&#8221;off&#8221; global_colors_info=&#8221;{}&#8221;][et_pb_row column_structure=&#8221;3_5,2_5&#8243; _builder_version=&#8221;4.19.1&#8243; _module_preset=&#8221;default&#8221; use_background_color_gradient=&#8221;on&#8221; background_color_gradient_direction=&#8221;225deg&#8221; background_color_gradient_stops=&#8221;#589199 25px|rgba(0,0,0,0) 25px&#8221; background_color_gradient_start=&#8221;#589199&#8243; background_color_gradient_start_position=&#8221;25px&#8221; background_color_gradient_end=&#8221;rgba(0,0,0,0)&#8221; background_color_gradient_end_position=&#8221;25px&#8221; custom_margin=&#8221;5vh|auto|-108px|auto|false|false&#8221; custom_padding=&#8221;0vh||0px||false|false&#8221; global_colors_info=&#8221;{}&#8221;][et_pb_column type=&#8221;3_5&#8243; _builder_version=&#8221;4.16&#8243; _module_preset=&#8221;default&#8221; global_colors_info=&#8221;{}&#8221;][et_pb_text _builder_version=&#8221;4.24.0&#8243; _module_preset=&#8221;default&#8221; text_text_color=&#8221;#1DD3B0&#8243; text_font_size=&#8221;20px&#8221; min_height=&#8221;11px&#8221; global_colors_info=&#8221;{}&#8221;]<\/p>\n<p>Com treballem: de la visi\u00f3 a l&#8217;execuci\u00f3<\/p>\n<p>[\/et_pb_text][\/et_pb_column][et_pb_column type=&#8221;2_5&#8243; _builder_version=&#8221;4.16&#8243; _module_preset=&#8221;default&#8221; global_colors_info=&#8221;{}&#8221;][\/et_pb_column][\/et_pb_row][et_pb_row column_structure=&#8221;2_3,1_3&#8243; _builder_version=&#8221;4.18.0&#8243; _module_preset=&#8221;default&#8221; background_color_gradient_direction=&#8221;225deg&#8221; max_height=&#8221;254px&#8221; custom_margin=&#8221;0px||0px||false|false&#8221; custom_padding=&#8221;0px||0px||false|false&#8221; global_colors_info=&#8221;{}&#8221;][et_pb_column type=&#8221;2_3&#8243; _builder_version=&#8221;4.16&#8243; _module_preset=&#8221;default&#8221; global_colors_info=&#8221;{}&#8221;][et_pb_text _builder_version=&#8221;4.24.0&#8243; _module_preset=&#8221;29e94d50-7797-4b46-9d7b-6b67bd580048&#8243; hover_enabled=&#8221;0&#8243; global_colors_info=&#8221;{}&#8221; sticky_enabled=&#8221;0&#8243;]<\/p>\n<h2>A Pla &amp; Associats creiem que una estrat\u00e8gia nom\u00e9s t\u00e9 valor quan es converteix en resultats reals.<\/h2>\n<p>[\/et_pb_text][\/et_pb_column][et_pb_column type=&#8221;1_3&#8243; _builder_version=&#8221;4.16&#8243; _module_preset=&#8221;default&#8221; global_colors_info=&#8221;{}&#8221;][\/et_pb_column][\/et_pb_row][et_pb_row column_structure=&#8221;3_5,2_5&#8243; _builder_version=&#8221;4.24.0&#8243; _module_preset=&#8221;default&#8221; background_color_gradient_direction=&#8221;225deg&#8221; min_height=&#8221;80px&#8221; custom_margin=&#8221;0px|auto|0vh|auto|false|false&#8221; custom_padding=&#8221;1em||0px||false|false&#8221; global_colors_info=&#8221;{}&#8221;][et_pb_column type=&#8221;3_5&#8243; _builder_version=&#8221;4.16&#8243; _module_preset=&#8221;default&#8221; global_colors_info=&#8221;{}&#8221;][et_pb_text _builder_version=&#8221;4.24.0&#8243; _module_preset=&#8221;29e94d50-7797-4b46-9d7b-6b67bd580048&#8243; global_colors_info=&#8221;{}&#8221;]<\/p>\n<p>T\u2019acompanyem en tot el proc\u00e9s: des del diagn\u00f2stic inicial fins a la implementaci\u00f3 i el seguiment, perqu\u00e8 cada decisi\u00f3 estrat\u00e8gica es tradueixi en un impacte tangible.<\/p>\n<p>[\/et_pb_text][\/et_pb_column][et_pb_column type=&#8221;2_5&#8243; _builder_version=&#8221;4.16&#8243; _module_preset=&#8221;default&#8221; global_colors_info=&#8221;{}&#8221;][\/et_pb_column][\/et_pb_row][et_pb_row column_structure=&#8221;1_2,1_2&#8243; use_custom_gutter=&#8221;on&#8221; gutter_width=&#8221;2&#8243; _builder_version=&#8221;4.24.0&#8243; _module_preset=&#8221;default&#8221; custom_margin=&#8221;50px||3em||false|false&#8221; custom_padding=&#8221;0px||0px|||&#8221; global_colors_info=&#8221;{}&#8221;][et_pb_column type=&#8221;1_2&#8243; _builder_version=&#8221;4.16&#8243; _module_preset=&#8221;default&#8221; global_colors_info=&#8221;{}&#8221;][et_pb_text _builder_version=&#8221;4.24.0&#8243; _module_preset=&#8221;db92c139-e366-421d-97e1-4f677585b690&#8243; text_text_color=&#8221;#589199&#8243; max_width=&#8221;100%&#8221; custom_margin=&#8221;||15px||false|false&#8221; custom_padding=&#8221;0em||||false|false&#8221; header_3_font_size_tablet=&#8221;&#8221; header_3_font_size_phone=&#8221;25px&#8221; header_3_font_size_last_edited=&#8221;on|phone&#8221; border_width_top=&#8221;0px&#8221; border_width_bottom=&#8221;1px&#8221; border_color_bottom=&#8221;#589199&#8243; global_colors_info=&#8221;{}&#8221;]<\/p>\n<h3 style=\"text-align: center;\"><span style=\"color: #008080;\"><strong>1<\/strong><\/span><\/h3>\n<p>[\/et_pb_text][et_pb_text _builder_version=&#8221;4.24.0&#8243; _module_preset=&#8221;default&#8221; locked=&#8221;off&#8221; global_colors_info=&#8221;{}&#8221;]<\/p>\n<h3><strong>Identifiquem on ets i cap a on pots anar<\/strong><\/h3>\n<p>Analitzem el teu context, avaluem riscos i oportunitats, i realitzem un benchmarking competitiu que et permet prendre decisions amb perspectiva.<\/p>\n<p>[\/et_pb_text][\/et_pb_column][et_pb_column type=&#8221;1_2&#8243; _builder_version=&#8221;4.16&#8243; _module_preset=&#8221;default&#8221; global_colors_info=&#8221;{}&#8221;][et_pb_text _builder_version=&#8221;4.24.0&#8243; _module_preset=&#8221;db92c139-e366-421d-97e1-4f677585b690&#8243; text_text_color=&#8221;#589199&#8243; max_width=&#8221;100%&#8221; custom_margin=&#8221;||15px||false|false&#8221; custom_padding=&#8221;0em||||false|false&#8221; header_3_font_size_tablet=&#8221;&#8221; header_3_font_size_phone=&#8221;25px&#8221; header_3_font_size_last_edited=&#8221;on|phone&#8221; border_width_top=&#8221;0px&#8221; border_width_bottom=&#8221;1px&#8221; border_color_bottom=&#8221;#589199&#8243; global_colors_info=&#8221;{}&#8221;]<\/p>\n<h3 style=\"text-align: center;\"><span style=\"color: #008080;\"><strong>2<\/strong><\/span><\/h3>\n<p>[\/et_pb_text][et_pb_text _builder_version=&#8221;4.24.0&#8243; _module_preset=&#8221;default&#8221; locked=&#8221;off&#8221; global_colors_info=&#8221;{}&#8221;]<\/p>\n<h3><strong>Dissenyem una estrat\u00e8gia adaptada al teu entorn i possibilitats<br \/><\/strong><\/h3>\n<p>Creem estrat\u00e8gies innovadores alineades amb el teu model de negoci, les teves capacitats i els teus objectius de creixement.<\/p>\n<p>[\/et_pb_text][\/et_pb_column][\/et_pb_row][et_pb_row column_structure=&#8221;1_2,1_2&#8243; use_custom_gutter=&#8221;on&#8221; gutter_width=&#8221;2&#8243; _builder_version=&#8221;4.24.0&#8243; _module_preset=&#8221;default&#8221; custom_margin=&#8221;50px||3em||false|false&#8221; custom_padding=&#8221;0px||0px|||&#8221; global_colors_info=&#8221;{}&#8221;][et_pb_column type=&#8221;1_2&#8243; _builder_version=&#8221;4.16&#8243; _module_preset=&#8221;default&#8221; global_colors_info=&#8221;{}&#8221;][et_pb_text _builder_version=&#8221;4.24.0&#8243; _module_preset=&#8221;db92c139-e366-421d-97e1-4f677585b690&#8243; text_text_color=&#8221;#589199&#8243; max_width=&#8221;100%&#8221; custom_margin=&#8221;||15px||false|false&#8221; custom_padding=&#8221;0em||||false|false&#8221; header_3_font_size_tablet=&#8221;&#8221; header_3_font_size_phone=&#8221;25px&#8221; header_3_font_size_last_edited=&#8221;on|phone&#8221; border_width_top=&#8221;0px&#8221; border_width_bottom=&#8221;1px&#8221; border_color_bottom=&#8221;#589199&#8243; global_colors_info=&#8221;{}&#8221;]<\/p>\n<h3 style=\"text-align: center;\"><span style=\"color: #008080;\"><strong>3<\/strong><\/span><\/h3>\n<p>[\/et_pb_text][et_pb_text _builder_version=&#8221;4.24.0&#8243; _module_preset=&#8221;default&#8221; locked=&#8221;off&#8221; global_colors_info=&#8221;{}&#8221;]<\/p>\n<h3><strong>Redissenyem la teva organitzaci\u00f3 perqu\u00e8 funcioni com un sistema alineat.<\/strong><\/h3>\n<p>Optimitzem l&#8217;estructura, els processos, la tecnologia i la cultura interna, perqu\u00e8 la teva empresa estigui preparada per executar amb coher\u00e8ncia i agilitat.<\/p>\n<p>[\/et_pb_text][\/et_pb_column][et_pb_column type=&#8221;1_2&#8243; _builder_version=&#8221;4.16&#8243; _module_preset=&#8221;default&#8221; global_colors_info=&#8221;{}&#8221;][et_pb_text _builder_version=&#8221;4.24.0&#8243; _module_preset=&#8221;db92c139-e366-421d-97e1-4f677585b690&#8243; text_text_color=&#8221;#589199&#8243; max_width=&#8221;100%&#8221; custom_margin=&#8221;||15px||false|false&#8221; custom_padding=&#8221;0em||||false|false&#8221; header_3_font_size_tablet=&#8221;&#8221; header_3_font_size_phone=&#8221;25px&#8221; header_3_font_size_last_edited=&#8221;on|phone&#8221; border_width_top=&#8221;0px&#8221; border_width_bottom=&#8221;1px&#8221; border_color_bottom=&#8221;#589199&#8243; global_colors_info=&#8221;{}&#8221;]<\/p>\n<h3 style=\"text-align: center;\"><span style=\"color: #008080;\"><strong>4<\/strong><\/span><\/h3>\n<p>[\/et_pb_text][et_pb_text _builder_version=&#8221;4.24.0&#8243; _module_preset=&#8221;default&#8221; locked=&#8221;off&#8221; global_colors_info=&#8221;{}&#8221;]<\/p>\n<h3><strong>Implementem el pla amb acompanyament proper<br \/><\/strong><\/h3>\n<p>Acompanyem l&#8217;execuci\u00f3 a trav\u00e9s de metodologies \u00e0gils, gesti\u00f3 del canvi, capacitaci\u00f3 i seguiment continu dels indicadors de rendiment<\/p>\n<p>[\/et_pb_text][\/et_pb_column][\/et_pb_row][et_pb_row column_structure=&#8221;1_2,1_2&#8243; use_custom_gutter=&#8221;on&#8221; gutter_width=&#8221;2&#8243; _builder_version=&#8221;4.24.0&#8243; _module_preset=&#8221;default&#8221; custom_margin=&#8221;50px||3em||false|false&#8221; custom_padding=&#8221;0px||0px|||&#8221; global_colors_info=&#8221;{}&#8221;][et_pb_column type=&#8221;1_2&#8243; _builder_version=&#8221;4.16&#8243; _module_preset=&#8221;default&#8221; global_colors_info=&#8221;{}&#8221;][et_pb_text _builder_version=&#8221;4.24.0&#8243; _module_preset=&#8221;db92c139-e366-421d-97e1-4f677585b690&#8243; text_text_color=&#8221;#589199&#8243; max_width=&#8221;100%&#8221; custom_margin=&#8221;||15px||false|false&#8221; custom_padding=&#8221;0em||||false|false&#8221; header_3_font_size_tablet=&#8221;&#8221; header_3_font_size_phone=&#8221;25px&#8221; header_3_font_size_last_edited=&#8221;on|phone&#8221; border_width_top=&#8221;0px&#8221; border_width_bottom=&#8221;1px&#8221; border_color_bottom=&#8221;#589199&#8243; global_colors_info=&#8221;{}&#8221;]<\/p>\n<h3 style=\"text-align: center;\"><span style=\"color: #008080;\"><strong>5<\/strong><\/span><\/h3>\n<p>[\/et_pb_text][et_pb_text _builder_version=&#8221;4.24.0&#8243; _module_preset=&#8221;default&#8221; locked=&#8221;off&#8221; global_colors_info=&#8221;{}&#8221;]<\/p>\n<h3><strong>Mesurem, ajustem i assegurem resultats<br \/><\/strong><\/h3>\n<p>L&#8217;estrat\u00e8gia no es queda en paper. Monitoritzem resultats, ajustem accions i consolidem la transformaci\u00f3 en el temps. <\/p>\n<p>[\/et_pb_text][\/et_pb_column][et_pb_column type=&#8221;1_2&#8243; _builder_version=&#8221;4.24.0&#8243; _module_preset=&#8221;default&#8221; global_colors_info=&#8221;{}&#8221;][\/et_pb_column][\/et_pb_row][\/et_pb_section][et_pb_section fb_built=&#8221;1&#8243; admin_label=&#8221;Retos&#8221; _builder_version=&#8221;4.24.0&#8243; _module_preset=&#8221;default&#8221; background_color=&#8221;#589199&#8243; motion_trigger_start=&#8221;top&#8221; locked=&#8221;off&#8221; collapsed=&#8221;off&#8221; global_colors_info=&#8221;{}&#8221;][et_pb_row column_structure=&#8221;1_3,1_3,1_3&#8243; _builder_version=&#8221;4.24.0&#8243; _module_preset=&#8221;default&#8221; custom_margin=&#8221;|auto||auto|false|false&#8221; custom_padding=&#8221;0px|0px|0px|0px|false|false&#8221; border_style_all=&#8221;none&#8221; global_colors_info=&#8221;{}&#8221;][et_pb_column type=&#8221;1_3&#8243; _builder_version=&#8221;4.18.0&#8243; _module_preset=&#8221;default&#8221; global_colors_info=&#8221;{}&#8221;][et_pb_text _builder_version=&#8221;4.24.0&#8243; _module_preset=&#8221;29e94d50-7797-4b46-9d7b-6b67bd580048&#8243; background_layout=&#8221;dark&#8221; max_width=&#8221;600px&#8221; module_alignment=&#8221;center&#8221; global_colors_info=&#8221;{}&#8221;]<\/p>\n<h2>Serveis <span style=\"color: #1dd3b0;\">destacats.<\/span><\/h2>\n<p>[\/et_pb_text][\/et_pb_column][et_pb_column type=&#8221;1_3&#8243; _builder_version=&#8221;4.16&#8243; _module_preset=&#8221;default&#8221; global_colors_info=&#8221;{}&#8221;][et_pb_text module_class=&#8221;pregunta1&#8243; _builder_version=&#8221;4.24.0&#8243; _module_preset=&#8221;default&#8221; background_layout=&#8221;dark&#8221; global_colors_info=&#8221;{}&#8221;]<\/p>\n<ul>\n<li>Benchmarking competitiu<\/li>\n<li>Diagn\u00f2stic estrat\u00e8gic i an\u00e0lisi d&#8217;escenaris<\/li>\n<li>Disseny d&#8217;estructura i processos<\/li>\n<li>Transformaci\u00f3 organitzacional<\/li>\n<li>Estrat\u00e8gia digital, tecnol\u00f2gica i de dades<\/li>\n<\/ul>\n<p>[\/et_pb_text][\/et_pb_column][et_pb_column type=&#8221;1_3&#8243; _builder_version=&#8221;4.16&#8243; _module_preset=&#8221;default&#8221; global_colors_info=&#8221;{}&#8221;][et_pb_text module_class=&#8221;pregunta1&#8243; _builder_version=&#8221;4.24.0&#8243; _module_preset=&#8221;default&#8221; background_layout=&#8221;dark&#8221; global_colors_info=&#8221;{}&#8221;]<\/p>\n<ul>\n<li>Gesti\u00f3 del canvi i formaci\u00f3 d&#8217;equips<\/li>\n<li>Govern corporatiu i suport a la direcci\u00f3 i la propietat<\/li>\n<li>Planificaci\u00f3 financera estrat\u00e8gica<\/li>\n<\/ul>\n<p>[\/et_pb_text][\/et_pb_column][\/et_pb_row][\/et_pb_section][et_pb_section fb_built=&#8221;1&#8243; _builder_version=&#8221;4.24.0&#8243; _module_preset=&#8221;default&#8221; custom_padding=&#8221;||0px||false|false&#8221; global_colors_info=&#8221;{}&#8221;][et_pb_row column_structure=&#8221;1_2,1_2&#8243; _builder_version=&#8221;4.24.0&#8243; _module_preset=&#8221;default&#8221; global_colors_info=&#8221;{}&#8221;][et_pb_column type=&#8221;1_2&#8243; _builder_version=&#8221;4.24.0&#8243; _module_preset=&#8221;default&#8221; global_colors_info=&#8221;{}&#8221;][et_pb_text _builder_version=&#8221;4.24.0&#8243; _module_preset=&#8221;29e94d50-7797-4b46-9d7b-6b67bd580048&#8243; module_alignment=&#8221;center&#8221; global_colors_info=&#8221;{}&#8221;]<\/p>\n<h2><b>Per qu\u00e8 triar-nos davant de les grans consultores?<\/b><\/h2>\n<p>[\/et_pb_text][\/et_pb_column][et_pb_column type=&#8221;1_2&#8243; _builder_version=&#8221;4.24.0&#8243; _module_preset=&#8221;default&#8221; global_colors_info=&#8221;{}&#8221;][\/et_pb_column][\/et_pb_row][\/et_pb_section][et_pb_section fb_built=&#8221;1&#8243; admin_label=&#8221;Fons mixt&#8221; _builder_version=&#8221;4.24.0&#8243; _module_preset=&#8221;default&#8221; use_background_color_gradient=&#8221;on&#8221; background_color_gradient_direction=&#8221;-90deg&#8221; background_color_gradient_stops=&#8221;#f5f0d0 45%|rgba(0,0,0,0) 45%&#8221; background_color_gradient_start=&#8221;#f5f0d0&#8243; background_color_gradient_start_position=&#8221;50%&#8221; background_color_gradient_end=&#8221;rgba(0,0,0,0)&#8221; background_color_gradient_end_position=&#8221;50%&#8221; custom_margin=&#8221;0px||50px||false|false&#8221; custom_padding=&#8221;||50px||false|false&#8221; locked=&#8221;off&#8221; collapsed=&#8221;on&#8221; global_colors_info=&#8221;{}&#8221;][et_pb_row column_structure=&#8221;1_3,2_3&#8243; _builder_version=&#8221;4.16&#8243; _module_preset=&#8221;default&#8221; custom_margin=&#8221;-2px|auto|0vh|auto|false|false&#8221; custom_padding=&#8221;0px|0px|0px|0px|false|false&#8221; global_colors_info=&#8221;{}&#8221;][et_pb_column type=&#8221;1_3&#8243; _builder_version=&#8221;4.16&#8243; _module_preset=&#8221;default&#8221; global_colors_info=&#8221;{}&#8221;][\/et_pb_column][et_pb_column type=&#8221;2_3&#8243; _builder_version=&#8221;4.16&#8243; _module_preset=&#8221;default&#8221; global_colors_info=&#8221;{}&#8221;][et_pb_blurb image=&#8221;https:\/\/www.placonsultoria.com\/wp-content\/uploads\/\/2020\/09\/accent-logo-plaassociats.svg&#8221; content_max_width=&#8221;400px&#8221; _builder_version=&#8221;4.24.0&#8243; _module_preset=&#8221;f39edffc-55eb-4c24-a2d7-39fed3c6476f&#8221; global_colors_info=&#8221;{}&#8221;]<\/p>\n<p>Combinen profunditat estrat\u00e8gica amb agilitat organitzativa<\/p>\n<p>[\/et_pb_blurb][et_pb_blurb image=&#8221;https:\/\/www.placonsultoria.com\/wp-content\/uploads\/\/2020\/09\/accent-logo-plaassociats.svg&#8221; content_max_width=&#8221;400px&#8221; _builder_version=&#8221;4.24.0&#8243; _module_preset=&#8221;f39edffc-55eb-4c24-a2d7-39fed3c6476f&#8221; global_colors_info=&#8221;{}&#8221;]<\/p>\n<p>Flexibilitat i costos ajustats a companyies mitjanes<\/p>\n<p>[\/et_pb_blurb][et_pb_blurb image=&#8221;https:\/\/www.placonsultoria.com\/wp-content\/uploads\/\/2020\/09\/accent-logo-plaassociats.svg&#8221; content_max_width=&#8221;400px&#8221; _builder_version=&#8221;4.24.0&#8243; _module_preset=&#8221;f39edffc-55eb-4c24-a2d7-39fed3c6476f&#8221; global_colors_info=&#8221;{}&#8221;]<\/p>\n<p>Metodologies lleugeres i provades<\/p>\n<p>[\/et_pb_blurb][et_pb_blurb image=&#8221;https:\/\/www.placonsultoria.com\/wp-content\/uploads\/\/2020\/09\/accent-logo-plaassociats.svg&#8221; content_max_width=&#8221;400px&#8221; _builder_version=&#8221;4.24.0&#8243; _module_preset=&#8221;f39edffc-55eb-4c24-a2d7-39fed3c6476f&#8221; global_colors_info=&#8221;{}&#8221;]<\/p>\n<p>Implicaci\u00f3 real fins a la implementaci\u00f3<\/p>\n<p>[\/et_pb_blurb][et_pb_blurb image=&#8221;https:\/\/www.placonsultoria.com\/wp-content\/uploads\/\/2020\/09\/accent-logo-plaassociats.svg&#8221; content_max_width=&#8221;400px&#8221; _builder_version=&#8221;4.24.0&#8243; _module_preset=&#8221;f39edffc-55eb-4c24-a2d7-39fed3c6476f&#8221; global_colors_info=&#8221;{}&#8221;]<\/p>\n<p>Proximitat, exig\u00e8ncia i comprom\u00eds: treballem amb tu, colze a colze.<\/p>\n<p>[\/et_pb_blurb][\/et_pb_column][\/et_pb_row][\/et_pb_section][et_pb_section fb_built=&#8221;1&#8243; _builder_version=&#8221;4.18.0&#8243; _module_preset=&#8221;default&#8221; background_color=&#8221;#CED6C7&#8243; collapsed=&#8221;on&#8221; global_colors_info=&#8221;{}&#8221;][et_pb_row column_structure=&#8221;2_5,3_5&#8243; _builder_version=&#8221;4.16&#8243; _module_preset=&#8221;default&#8221; use_background_color_gradient=&#8221;on&#8221; background_color_gradient_direction=&#8221;45deg&#8221; background_color_gradient_stops=&#8221;#589199 25px|rgba(0,0,0,0) 25px&#8221; background_color_gradient_start=&#8221;#589199&#8243; background_color_gradient_start_position=&#8221;25px&#8221; background_color_gradient_end=&#8221;rgba(0,0,0,0)&#8221; background_color_gradient_end_position=&#8221;25px&#8221; custom_margin=&#8221;0px||100px||false|false&#8221; custom_padding=&#8221;50px|0px|0px|0px|false|false&#8221; global_colors_info=&#8221;{}&#8221;][et_pb_column type=&#8221;2_5&#8243; _builder_version=&#8221;4.16&#8243; _module_preset=&#8221;default&#8221; custom_padding=&#8221;19px||||false|false&#8221; global_colors_info=&#8221;{}&#8221;][et_pb_text _builder_version=&#8221;4.24.0&#8243; _module_preset=&#8221;29e94d50-7797-4b46-9d7b-6b67bd580048&#8243; global_colors_info=&#8221;{}&#8221;]<\/p>\n<h2>Parlem del teu projecte estrat\u00e8gic<\/h2>\n<p>[\/et_pb_text][et_pb_text _builder_version=&#8221;4.24.0&#8243; _module_preset=&#8221;29e94d50-7797-4b46-9d7b-6b67bd580048&#8243; hover_enabled=&#8221;0&#8243; global_colors_info=&#8221;{}&#8221; sticky_enabled=&#8221;0&#8243;]Cada organitzaci\u00f3 t\u00e9 el seu propi rumb. A <span class=\"screen-reader-text\">Pla &amp; Associats<\/span> <img decoding=\"async\" src=\"https:\/\/www.placonsultoria.com\/wp-content\/uploads\/2020\/09\/pla-associats-logo.svg\" style=\"display: inline-block; height: 1em; margin-bottom: -0.23em;width:auto!important;\"> t\u2019ajudem a tra\u00e7ar la millor ruta per arribar als teus objectius. Transforma la teva estrat\u00e8gia en resultats reals.<\/p>\n<p><strong>Contacta amb nosaltres i comencem a donar forma al teu projecte.<\/strong>[\/et_pb_text][\/et_pb_column][et_pb_column type=&#8221;3_5&#8243; _builder_version=&#8221;4.16&#8243; _module_preset=&#8221;default&#8221; global_colors_info=&#8221;{}&#8221;][et_pb_wpt_gravityform gravityform_id=&#8221;gf-4&#8243; title=&#8221;off&#8221; description=&#8221;off&#8221; ajax=&#8221;on&#8221; _builder_version=&#8221;4.18.0&#8243; _module_preset=&#8221;default&#8221; global_colors_info=&#8221;{}&#8221;][\/et_pb_wpt_gravityform][\/et_pb_column][\/et_pb_row][\/et_pb_section]<\/p>\n","protected":false},"excerpt":{"rendered":"<p>Consultoria Estrat\u00e8gica: Tu defineixes el qu\u00e8, nosaltres t&#8217;ajudem amb el com.Transforma la teva visi\u00f3 en acci\u00f3 i fes que la teva estrat\u00e8gia cobri vida.Com treballem: de la visi\u00f3 a l&#8217;execuci\u00f3A Pla &amp; Associats creiem que una estrat\u00e8gia nom\u00e9s t\u00e9 valor quan es converteix en resultats reals.T\u2019acompanyem en tot el proc\u00e9s: des del diagn\u00f2stic inicial fins [&hellip;]<\/p>\n","protected":false},"author":4,"featured_media":0,"parent":0,"menu_order":0,"comment_status":"closed","ping_status":"closed","template":"","meta":{"_et_pb_use_builder":"on","_et_pb_old_content":"","_et_gb_content_width":"","inline_featured_image":false,"footnotes":""},"class_list":["post-9375","page","type-page","status-publish","hentry"],"_links":{"self":[{"href":"https:\/\/www.placonsultoria.com\/ca\/wp-json\/wp\/v2\/pages\/9375","targetHints":{"allow":["GET"]}}],"collection":[{"href":"https:\/\/www.placonsultoria.com\/ca\/wp-json\/wp\/v2\/pages"}],"about":[{"href":"https:\/\/www.placonsultoria.com\/ca\/wp-json\/wp\/v2\/types\/page"}],"author":[{"embeddable":true,"href":"https:\/\/www.placonsultoria.com\/ca\/wp-json\/wp\/v2\/users\/4"}],"replies":[{"embeddable":true,"href":"https:\/\/www.placonsultoria.com\/ca\/wp-json\/wp\/v2\/comments?post=9375"}],"version-history":[{"count":13,"href":"https:\/\/www.placonsultoria.com\/ca\/wp-json\/wp\/v2\/pages\/9375\/revisions"}],"predecessor-version":[{"id":9416,"href":"https:\/\/www.placonsultoria.com\/ca\/wp-json\/wp\/v2\/pages\/9375\/revisions\/9416"}],"wp:attachment":[{"href":"https:\/\/www.placonsultoria.com\/ca\/wp-json\/wp\/v2\/media?parent=9375"}],"curies":[{"name":"wp","href":"https:\/\/api.w.org\/{rel}","templated":true}]}}